  {"id":16,"date":"2022-01-05T10:09:24","date_gmt":"2022-01-05T10:09:24","guid":{"rendered":"https:\/\/word-clock.ch\/?page_id=16"},"modified":"2026-03-26T21:34:15","modified_gmt":"2026-03-26T20:34:15","slug":"payment-shipping-information","status":"publish","type":"page","link":"https:\/\/word-clock.ch\/en\/payment-shipping-information\/","title":{"rendered":"Payment &#038; Shipping Information"},"content":{"rendered":"<h1><span class=\"lang-en\">Payment &amp; Shipping Information<\/span><br \/>\n<span class=\"lang-de\">Zahlungs- &amp; Versandinformationen<\/span><\/h1>\n<p class=\"vat\"><span class=\"lang-en\">All prices include VAT<\/span><br \/>\n<span class=\"lang-de\">Alle Preise inkl. MwSt.<\/span><\/p>\n<section class=\"grid\"><!-- Payment Methods --><\/p>\n<div class=\"card\">\n<h2><span class=\"lang-en\">Payment Methods<\/span><br \/>\n<span class=\"lang-de\">Zahlungsmethoden<\/span><\/h2>\n<p><span class=\"lang-en\">We offer our customers various payment methods in our online shop. Currently, you can choose the payment method that best suits your needs:<\/span><br \/>\n<span class=\"lang-de\">Wir bieten unseren Kunden verschiedene Zahlungsmethoden in unserem Onlineshop an. Derzeit k\u00f6nnen Sie die Zahlungsart w\u00e4hlen, die am besten zu Ihren Bed\u00fcrfnissen passt:<\/span><\/p>\n<p><!--\n\n\n<div class=\"method bank\">\n\n\n<h3><span class=\"lang-en\">Instant Bank Transfer<\/span>\n<span class=\"lang-de\">Sofort\u00fcberweisung<\/span><\/h3>\n\n\n<span class=\"lang-en\">This payment method is fast, secure, and easy. You can pay easily and securely without registration. All you need is your online account details (PIN\/TAN).<\/span>\n<span class=\"lang-de\">Diese Zahlungsmethode ist schnell, sicher und einfach. Sie k\u00f6nnen bequem und sicher ohne Registrierung bezahlen. Alles, was Sie ben\u00f6tigen, sind Ihre Online-Banking-Zugangsdaten (PIN\/TAN).<\/span><\/div>\n\n\n--><\/p>\n<div class=\"method twint\">\n<h3><!-- <span class=\"lang-en\">TWINT<\/span>\n<span class=\"lang-de\">TWINT<\/span> --><\/h3>\n<p><span class=\"lang-en\">Swiss mobile payment system<\/span><br \/>\n<span class=\"lang-de\">Schweizer mobiles Bezahlsystem<\/span><\/p>\n<\/div>\n<div class=\"method cardpay\">\n<h3><i>\ud83d\udcb3<\/i><br \/>\n<span class=\"lang-en\">Credit card payment<\/span><br \/>\n<span class=\"lang-de\">Kreditkartenzahlung<\/span><\/h3>\n<p><span class=\"lang-en\">We accept the following credit cards: VISA, American Express and MasterCard.<\/span><br \/>\n<span class=\"lang-de\">Wir akzeptieren folgende Kreditkarten: VISA, American Express und MasterCard.<\/span><\/p>\n<\/div>\n<div class=\"method prepay\">\n<h3><span class=\"lang-en\">Bank Transfer (Prepayment)<\/span><br \/>\n<span class=\"lang-de\">Bank\u00fcberweisung (Vorkasse)<\/span><\/h3>\n<p><span class=\"lang-en\">Shipment takes place after the payment is received.<\/span><br \/>\n<span class=\"lang-de\">Versand erfolgt nach Zahlungseingang.<\/span><\/p>\n<\/div>\n<\/div>\n<p><!-- Shipping --><\/p>\n<div class=\"card\">\n<h2>\ud83d\udce6 <span class=\"lang-en\">Shipping<\/span><br \/>\n<span class=\"lang-de\">Versand<\/span><\/h2>\n<ul class=\"shipping-list\">\n<li><span class=\"flag\">\ud83c\udde8\ud83c\udded <span class=\"lang-en\">Switzerland<\/span><span class=\"lang-de\">Schweiz<\/span><\/span><br \/>\n<span class=\"price\"><span class=\"lang-de\">Kostenlos<\/span><span class=\"lang-en\">Free<\/span><\/span><\/li>\n<\/ul>\n<p><!--\n\n\n<div class=\"note\"><\/div>\n\n\n--><\/p>\n<div class=\"eco\"><strong>\ud83c\udf31<br \/>\n<span class=\"lang-en\">Eco-Friendly Packaging<\/span><br \/>\n<span class=\"lang-de\">Umweltfreundliche Verpackung<\/span><br \/>\n<\/strong><span class=\"lang-en\">We make every effort to keep shipping costs as low as possible for our customers and use only environmentally friendly packaging materials.<\/span><br \/>\n<span class=\"lang-de\">Wir sind bem\u00fcht, die Versandkosten f\u00fcr unsere Kunden so niedrig wie m\u00f6glich zu halten und verwenden ausschlie\u00dflich umweltfreundliche Verpackungsmaterialien.<\/span><\/div>\n<p><span class=\"lang-en\">We offer free shipping within Switzerland\u00a0<\/span><br \/>\n<span class=\"lang-de\">Wir bieten innerhalb der Schweiz kostenlosen Versand an.\u00a0<\/span><\/p>\n<\/div>\n<\/section>\n<p><!-- Delivery Info --><\/p>\n<section class=\"delivery\">\n<h2>\u23f0<br \/>\n<span class=\"lang-en\">Delivery time and delivery information<\/span><br \/>\n<span class=\"lang-de\">Lieferzeiten und Lieferinformationen<\/span><\/h2>\n<p><span class=\"lang-en\">When shipping our items, we strive to ensure that you receive them quickly and easily.<\/span><br \/>\n<span class=\"lang-de\">Beim Versand unserer Artikel bem\u00fchen wir uns, dass Sie diese schnell und unkompliziert erhalten.<\/span><\/p>\n<h3><span class=\"lang-en\">Delivery Timeline<\/span><br \/>\n<span class=\"lang-de\">Lieferzeitplan<\/span><\/h3>\n<ul class=\"timeline\">\n<li><strong><span class=\"lang-en\">Switzerland Delivery Time<\/span><span class=\"lang-de\">Lieferzeit Schweiz<\/span><\/strong><br \/>\n<span class=\"lang-en\">Our delivery time within Switzerland is between 2-4 business days. The start of the delivery period depends on the payment method. Deliveries abroad may result in different delivery times.<\/span><span class=\"lang-de\">Unsere<br \/>\nLieferzeit innerhalb der Schweiz betr\u00e4gt 2\u20134 Werktage. Der Beginn der Lieferfrist h\u00e4ngt von der gew\u00e4hlten Zahlungsmethode ab. Bei Lieferungen ins Ausland k\u00f6nnen abweichende Lieferzeiten entstehen.<\/span><\/li>\n<li><strong><span class=\"lang-en\">Bank Transfer &amp; Credit Card<\/span><span class=\"lang-de\">Bank\u00fcberweisung &amp; Kreditkarte<\/span><\/strong><br \/>\n<span class=\"lang-en\">If you prefer a bank transfer or payment by credit card, the delivery period begins when the payment order is issued to the credit institution you have commissioned to make the transfer and ends on the last day of the<br \/>\nspecified delivery period.<\/span><span class=\"lang-de\">Wenn Sie eine Bank\u00fcberweisung oder die Zahlung per Kreditkarte bevorzugen, beginnt die Lieferfrist, sobald der Zahlungsauftrag an das von Ihnen beauftragte Kreditinstitut erteilt wurde,<br \/>\nund endet am letzten Tag der angegebenen Lieferfrist.<\/span><\/li>\n<li><strong><span class=\"lang-en\">Holiday Consideration<\/span><span class=\"lang-de\">Feiertagsregelung<\/span><\/strong><br \/>\n<span class=\"lang-en\">If the last day of the upcoming delivery period falls on a Saturday, Sunday or public holiday (at the place of delivery), the next general working day shall be deemed to be the end of the delivery period.<\/span><span class=\"lang-de\">F\u00e4llt der letzte Tag der laufenden Lieferfrist auf einen Samstag, Sonntag oder gesetzlichen Feiertag (am Lieferort), gilt der n\u00e4chste allgemeine Werktag als Ende der Lieferfrist.<\/span><\/li>\n<\/ul>\n<\/section>\n<section class=\"info-grid\">\n<div class=\"info\">\n<h3><span class=\"lang-en\">Delivery information<\/span><br \/>\n<span class=\"lang-de\">Lieferinformationen<\/span><\/h3>\n<p><span class=\"lang-en\">Unless otherwise requested by the buyer, Basler Company AG will use the most economical shipping method available via Schweizerische Post, DHL, UPS, or other parcel services.<\/span><br \/>\n<span class=\"lang-de\">Sofern vom K\u00e4ufer nicht anders gew\u00fcnscht, nutzt die Basler Company AG den jeweils g\u00fcnstigsten Versandweg \u00fcber Schweizerische Post, DHL, UPS oder andere Paketdienste.<\/span><\/p>\n<\/div>\n<div class=\"info\">\n<h3><span class=\"lang-en\">Supply Information<\/span><br \/>\n<span class=\"lang-de\">Lieferhinweise<\/span><\/h3>\n<p><span class=\"lang-en\">Should we be unable to deliver the ordered goods \u2013 for example, due to unforeseeably high demand or supply bottlenecks \u2013 you will be informed immediately of any resulting delay.<\/span><br \/>\n<span class=\"lang-de\">Sollten wir die bestellten Waren nicht liefern k\u00f6nnen \u2013 beispielsweise aufgrund unerwartet hoher Nachfrage oder Lieferengp\u00e4ssen \u2013 informieren wir Sie umgehend \u00fcber die entstehende Verz\u00f6gerung.<\/span><\/p>\n<\/div>\n<\/section>\n","protected":false},"excerpt":{"rendered":"<p>Payment &amp; Shipping Information Zahlungs- &amp; Versandinformationen All prices include VAT Alle Preise inkl. MwSt. Payment Methods Zahlungsmethoden We offer our customers various payment methods in our online shop. Currently, [&hellip;]<\/p>\n","protected":false},"author":3,"featured_media":0,"parent":0,"menu_order":0,"comment_status":"closed","ping_status":"closed","template":"","meta":{"footnotes":""},"class_list":["post-16","page","type-page","status-publish","hentry"],"translation":{"provider":"WPGlobus","version":"3.0.0","language":"en","enabled_languages":["de","en"],"languages":{"de":{"title":true,"content":true,"excerpt":false},"en":{"title":true,"content":false,"excerpt":false}}},"acf":[],"yoast_head":"<!-- This site is optimized with the Yoast SEO plugin v21.0 - https:\/\/yoast.com\/wordpress\/plugins\/seo\/ -->\n<title>Payment &amp; Delivery | WordClock Switzerland - Free shipping Switzerland<\/title>\n<meta name=\"description\" content=\"Free shipping on WordClock orders within Switzerland. Fast delivery and secure payment via Twint, Stripe, credit card or bank transfer.\" \/>\n<meta name=\"robots\" content=\"index, follow, max-snippet:-1, max-image-preview:large, max-video-preview:-1\" \/>\n<link rel=\"canonical\" href=\"https:\/\/word-clock.ch\/payment-shipping-information\/\" \/>\n<meta property=\"og:locale\" content=\"en_US\" \/>\n<meta property=\"og:type\" content=\"article\" \/>\n<meta property=\"og:title\" content=\"Payment &amp; Delivery | WordClock Switzerland - Free shipping Switzerland\" \/>\n<meta property=\"og:description\" content=\"Free shipping on WordClock orders within Switzerland. Fast delivery and secure payment via Twint, Stripe, credit card or bank transfer.\" \/>\n<meta property=\"og:url\" content=\"https:\/\/word-clock.ch\/payment-shipping-information\/\" \/>\n<meta property=\"og:site_name\" content=\"WordClock Onlineshop\" \/>\n<meta property=\"article:modified_time\" content=\"2026-03-26T20:34:15+00:00\" \/>\n<meta name=\"twitter:card\" content=\"summary_large_image\" \/>\n<script type=\"application\/ld+json\" class=\"yoast-schema-graph\">{\"@context\":\"https:\/\/schema.org\",\"@graph\":[{\"@type\":\"WebPage\",\"@id\":\"https:\/\/word-clock.ch\/payment-shipping-information\/\",\"url\":\"https:\/\/word-clock.ch\/payment-shipping-information\/\",\"name\":\"Payment & Delivery | WordClock Switzerland - Free shipping Switzerland\",\"isPartOf\":{\"@id\":\"https:\/\/word-clock.ch\/#website\"},\"datePublished\":\"2022-01-05T10:09:24+00:00\",\"dateModified\":\"2026-03-26T20:34:15+00:00\",\"description\":\"Free shipping on WordClock orders within Switzerland. Fast delivery and secure payment via Twint, Stripe, credit card or bank transfer.\",\"breadcrumb\":{\"@id\":\"https:\/\/word-clock.ch\/payment-shipping-information\/#breadcrumb\"},\"inLanguage\":\"en-US\",\"potentialAction\":[{\"@type\":\"ReadAction\",\"target\":[\"https:\/\/word-clock.ch\/payment-shipping-information\/\"]}]},{\"@type\":\"BreadcrumbList\",\"@id\":\"https:\/\/word-clock.ch\/payment-shipping-information\/#breadcrumb\",\"itemListElement\":[{\"@type\":\"ListItem\",\"position\":1,\"name\":\"Startseite\",\"item\":\"https:\/\/word-clock.ch\/\"},{\"@type\":\"ListItem\",\"position\":2,\"name\":\"Zahlungs- &#038; Versandinformationen\"}]},{\"@type\":\"WebSite\",\"@id\":\"https:\/\/word-clock.ch\/#website\",\"url\":\"https:\/\/word-clock.ch\/\",\"name\":\"WordClock Onlineshop\",\"description\":\"Das neueste Angebot findest du hier!\",\"potentialAction\":[{\"@type\":\"SearchAction\",\"target\":{\"@type\":\"EntryPoint\",\"urlTemplate\":\"https:\/\/word-clock.ch\/?s={search_term_string}\"},\"query-input\":\"required name=search_term_string\"}],\"inLanguage\":\"en-US\"}]}<\/script>\n<!-- \/ Yoast SEO plugin. -->","yoast_head_json":{"title":"Payment & Delivery | WordClock Switzerland - Free shipping Switzerland","description":"Free shipping on WordClock orders within Switzerland. Fast delivery and secure payment via Twint, Stripe, credit card or bank transfer.","robots":{"index":"index","follow":"follow","max-snippet":"max-snippet:-1","max-image-preview":"max-image-preview:large","max-video-preview":"max-video-preview:-1"},"canonical":"https:\/\/word-clock.ch\/payment-shipping-information\/","og_locale":"en_US","og_type":"article","og_title":"Payment & Delivery | WordClock Switzerland - Free shipping Switzerland","og_description":"Free shipping on WordClock orders within Switzerland. Fast delivery and secure payment via Twint, Stripe, credit card or bank transfer.","og_url":"https:\/\/word-clock.ch\/payment-shipping-information\/","og_site_name":"WordClock Onlineshop","article_modified_time":"2026-03-26T20:34:15+00:00","twitter_card":"summary_large_image","schema":{"@context":"https:\/\/schema.org","@graph":[{"@type":"WebPage","@id":"https:\/\/word-clock.ch\/payment-shipping-information\/","url":"https:\/\/word-clock.ch\/payment-shipping-information\/","name":"Payment & Delivery | WordClock Switzerland - Free shipping Switzerland","isPartOf":{"@id":"https:\/\/word-clock.ch\/#website"},"datePublished":"2022-01-05T10:09:24+00:00","dateModified":"2026-03-26T20:34:15+00:00","description":"Free shipping on WordClock orders within Switzerland. Fast delivery and secure payment via Twint, Stripe, credit card or bank transfer.","breadcrumb":{"@id":"https:\/\/word-clock.ch\/payment-shipping-information\/#breadcrumb"},"inLanguage":"en-US","potentialAction":[{"@type":"ReadAction","target":["https:\/\/word-clock.ch\/payment-shipping-information\/"]}]},{"@type":"BreadcrumbList","@id":"https:\/\/word-clock.ch\/payment-shipping-information\/#breadcrumb","itemListElement":[{"@type":"ListItem","position":1,"name":"Startseite","item":"https:\/\/word-clock.ch\/"},{"@type":"ListItem","position":2,"name":"Zahlungs- &#038; Versandinformationen"}]},{"@type":"WebSite","@id":"https:\/\/word-clock.ch\/#website","url":"https:\/\/word-clock.ch\/","name":"WordClock Onlineshop","description":"Das neueste Angebot findest du hier!","potentialAction":[{"@type":"SearchAction","target":{"@type":"EntryPoint","urlTemplate":"https:\/\/word-clock.ch\/?s={search_term_string}"},"query-input":"required name=search_term_string"}],"inLanguage":"en-US"}]}},"_links":{"self":[{"href":"https:\/\/word-clock.ch\/en\/wp-json\/wp\/v2\/pages\/16","targetHints":{"allow":["GET"]}}],"collection":[{"href":"https:\/\/word-clock.ch\/en\/wp-json\/wp\/v2\/pages"}],"about":[{"href":"https:\/\/word-clock.ch\/en\/wp-json\/wp\/v2\/types\/page"}],"author":[{"embeddable":true,"href":"https:\/\/word-clock.ch\/en\/wp-json\/wp\/v2\/users\/3"}],"replies":[{"embeddable":true,"href":"https:\/\/word-clock.ch\/en\/wp-json\/wp\/v2\/comments?post=16"}],"version-history":[{"count":5,"href":"https:\/\/word-clock.ch\/en\/wp-json\/wp\/v2\/pages\/16\/revisions"}],"predecessor-version":[{"id":12605,"href":"https:\/\/word-clock.ch\/en\/wp-json\/wp\/v2\/pages\/16\/revisions\/12605"}],"wp:attachment":[{"href":"https:\/\/word-clock.ch\/en\/wp-json\/wp\/v2\/media?parent=16"}],"curies":[{"name":"wp","href":"https:\/\/api.w.org\/{rel}","templated":true}]}}