  {"id":576,"date":"2020-06-12T16:06:50","date_gmt":"2020-06-12T16:06:50","guid":{"rendered":"https:\/\/demo.creativethemes.com\/blocksy\/charity\/?page_id=8"},"modified":"2023-06-10T22:53:08","modified_gmt":"2023-06-10T22:53:08","slug":"home","status":"publish","type":"page","link":"https:\/\/word-clock.ch\/en\/home\/","title":{"rendered":"Home"},"content":{"rendered":"<p>[smartslider3 slider=&#8221;2&#8243;]\t\t<\/p>\n<figure><img decoding=\"async\" width=\"80\" height=\"60\" src=\"https:\/\/word-clock.ch\/wp-content\/uploads\/2022\/01\/fast-1.png\" alt=\"\" loading=\"lazy\" \/><\/figure>\n<p>2-4 Werktage Lieferzeit<\/p>\n<figure><img decoding=\"async\" width=\"80\" height=\"60\" src=\"https:\/\/word-clock.ch\/wp-content\/uploads\/2022\/01\/free-delivery-1.png\" alt=\"\" loading=\"lazy\" \/><\/figure>\n<p>Kostenloser Versand ab 60\u20ac<\/p>\n<figure><img decoding=\"async\" width=\"80\" height=\"60\" src=\"https:\/\/word-clock.ch\/wp-content\/uploads\/2022\/01\/exchange-1.png\" alt=\"\" loading=\"lazy\" \/><\/figure>\n<p>30 Tage R\u00fcckgaberecht<\/p>\n<figure><img decoding=\"async\" width=\"80\" height=\"60\" src=\"https:\/\/word-clock.ch\/wp-content\/uploads\/2022\/01\/credit-card-1.png\" alt=\"\" loading=\"lazy\" \/><\/figure>\n<p>Sicheres <br \/>Bezahlungs system<\/p>\n<figure><img decoding=\"async\" width=\"80\" height=\"60\" src=\"https:\/\/word-clock.ch\/wp-content\/uploads\/2022\/01\/customer-service-1.png\" alt=\"\" loading=\"lazy\" \/><\/figure>\n<p>Kunden service<\/p>\n<h1>Unsere beliebtesten Produkte<\/h1>\n<p>\t\t\t<a href=\"\/produkte\" role=\"button\" id=\"jetzt\"><br \/>\n\t\t\t\t\t\tEntdecke mehr<br \/>\n\t\t\t\t\t<\/a><br \/>\n\t\t\t\t\t\tDie Schieferfront sich sehr sch\u00f6n aus. Ich mag die Fronten wo nur die beleuchteten Buchstaben zu sehen sind<br \/>\n\t\t\t\t\t<cite>heinzelmaennchen_werkstatt<\/cite><br \/>\n\t\t\t\t\t\t<img decoding=\"async\" src=\"https:\/\/word-clock.ch\/wp-content\/uploads\/2022\/01\/star.png\" alt=\"heinzelmaennchen_werkstatt\"><br \/>\n\t\t\t\t\t\tWir sind beeindruckt! Echt tolles Design!<br \/>\n\t\t\t\t\t<cite>Tischlerei Gr\u00fcbler<\/cite><br \/>\n\t\t\t\t\t\t<img decoding=\"async\" src=\"https:\/\/word-clock.ch\/wp-content\/uploads\/2022\/01\/star.png\" alt=\"Tischlerei Gr\u00fcbler\"><br \/>\n\t\t\t\t\t\tSchnell geliefert ,unbesch\u00e4digt da gut verpackt, einfach mit der App installiert und sieht top aus.<br \/>\nDie beschenkte Person hat sich total gefreut und der Neidfaktor ist unbezahlbar die noch keine haben.<br \/>\n\t\t\t\t\t<cite>lob und dank nicht f\u00fcr jedermann<\/cite><br \/>\n\t\t\t\t\t\t<img decoding=\"async\" src=\"https:\/\/word-clock.ch\/wp-content\/uploads\/2022\/01\/star.png\" alt=\"lob und dank nicht f\u00fcr jedermann\"><br \/>\n\t\t\t\t\t\tDie Uhr hat ohne wenn- und aber 5 Sterne verdient.<br \/>\nSie ist nicht ganz billig aber ihr Geld wert. Wer etwas Geld sparen will und l\u00f6ten kann, kann sich die Uhr beim Hersteller auch als Bausatz bestellen.<br \/>\n\t\t\t\t\t<cite>A.N. <\/cite><br \/>\n\t\t\t\t\t\t<img decoding=\"async\" src=\"https:\/\/word-clock.ch\/wp-content\/uploads\/2022\/01\/star.png\" alt=\"A.N. \"><br \/>\n\t\t\t\t\t\tEinfach sch\u00f6n &#8211; und Weihnachten wurden wir durch die Leuchtdeko zur vollen Stunde \u00fcberrascht. Der Preis ist nicht ohne, aber das wei\u00df man ja bereits beim bestellen.<br \/>\nWir sind sehr zufrieden<br \/>\n\t\t\t\t\t<cite>Sylvi<\/cite><br \/>\n\t\t\t\t\t\t<img decoding=\"async\" src=\"https:\/\/word-clock.ch\/wp-content\/uploads\/2022\/01\/star.png\" alt=\"Sylvi\"><br \/>\n\t\t\t\t\t\tTolle Uhr. Einfach in Betrieb zu nehmen. Bei R\u00fcckfragen grossartiger und kulanter Service..<br \/>\nIch bin restlos \u00fcberzeugt und total begeistert<br \/>\n\t\t\t\t\t<cite>Uda Eggen<\/cite><br \/>\n\t\t\t\t\t\t<img decoding=\"async\" src=\"https:\/\/word-clock.ch\/wp-content\/uploads\/2022\/01\/star.png\" alt=\"Uda Eggen\"><br \/>\n\t\t\t\t\t\tIch habe mich f\u00fcr die Edelstahlvariante entschieden. Fertig zusammengebaut kam die Uhr gut verpackt und sehr schnell bei mir an. Ein sch\u00f6nes Geschenk mit Aha-Effekt weil Wortuhren kaum jemand kennt.<br \/>\n\t\t\t\t\t<cite>Amazon Kunde<\/cite><br \/>\n\t\t\t\t\t\t<img decoding=\"async\" src=\"https:\/\/word-clock.ch\/wp-content\/uploads\/2022\/01\/star.png\" alt=\"Amazon Kunde\"><br \/>\n\t\t\t\t\t\tDas Produkt ist auf jeden Fall super.<br \/>\n\t\t\t\t\t<cite>Uwe G.<\/cite><br \/>\n\t\t\t\t\t\t<img decoding=\"async\" src=\"https:\/\/word-clock.ch\/wp-content\/uploads\/2022\/01\/star.png\" alt=\"Uwe G.\"><br \/>\n\t\t\t\t\t\tWir haben sie bei uns im Wohnzimmer h\u00e4ngen und erfreuen uns ihres Anblicks. Auch wenn Freunde vorbei kommen, ist sie ein richtiger Blickfang.Empfehlen kann ich sie allemal!<br \/>\n\t\t\t\t\t<cite>Kirstin Weber<\/cite><br \/>\n\t\t\t\t\t\t<img decoding=\"async\" src=\"https:\/\/word-clock.ch\/wp-content\/uploads\/2022\/01\/star.png\" alt=\"Kirstin Weber\"><br \/>\n\t\t\t\t\t\tDass man die Farben der LEDs selber einstellen kann ist total cool und auch recht einfach.<br \/>\nCooles Teil und sieht an der Wand echt toll aus!<br \/>\n\t\t\t\t\t<cite>Ruth von Stein<\/cite><br \/>\n\t\t\t\t\t\t<img decoding=\"async\" src=\"https:\/\/word-clock.ch\/wp-content\/uploads\/2022\/01\/star.png\" alt=\"Ruth von Stein\"><br \/>\n\t\t\t\t\t\tSehr angenehmer und entgegenkommender Kontakt bei der Abwicklung! Danke!<br \/>\n\t\t\t\t\t<cite>Ebay<\/cite><br \/>\n\t\t\t\t\t\t<img decoding=\"async\" src=\"https:\/\/word-clock.ch\/wp-content\/uploads\/2022\/01\/star.png\" alt=\"Ebay\"><br \/>\n\t\t\t\t\t\tSehr, sehr netter Kontakt. Super sch\u00f6ne Uhr! Vielen Dank daf\u00fcr! Perfekt!<br \/>\n\t\t\t\t\t<cite>Ebay<\/cite><br \/>\n\t\t\t\t\t\t<img decoding=\"async\" src=\"https:\/\/word-clock.ch\/wp-content\/uploads\/2022\/01\/star.png\" alt=\"Ebay\"><br \/>\n\t\t\t\t\t\tSchnelle Lieferung und eine Absolut tolle Uhr!!!<br \/>\n\t\t\t\t\t<cite>Ebay<\/cite><br \/>\n\t\t\t\t\t\t<img decoding=\"async\" src=\"https:\/\/word-clock.ch\/wp-content\/uploads\/2022\/01\/star.png\" alt=\"Ebay\"><br \/>\n\t\t\t\t\t\t\t\t\t\t\t\t\t\tPrevious<br \/>\n\t\t\t\t\t\t\t\t\t\t\t\t\t\tNext<\/p>\n","protected":false},"excerpt":{"rendered":"<p>[smartslider3 slider=&#8221;2&#8243;] 2-4 Werktage Lieferzeit Kostenloser Versand ab 60\u20ac 30 Tage R\u00fcckgaberecht Sicheres Bezahlungs system Kunden service Unsere beliebtesten Produkte Entdecke mehr Die Schieferfront sich sehr sch\u00f6n aus. Ich mag [&hellip;]<\/p>\n","protected":false},"author":3,"featured_media":0,"parent":0,"menu_order":0,"comment_status":"closed","ping_status":"closed","template":"","meta":{"footnotes":""},"class_list":["post-576","page","type-page","status-publish","hentry"],"translation":{"provider":"WPGlobus","version":"3.0.0","language":"en","enabled_languages":["de","en"],"languages":{"de":{"title":true,"content":true,"excerpt":false},"en":{"title":false,"content":false,"excerpt":false}}},"acf":[],"yoast_head":"<!-- This site is optimized with the Yoast SEO plugin v21.0 - https:\/\/yoast.com\/wordpress\/plugins\/seo\/ -->\n<title>Die Wortuhr f\u00fcr Dich | WordClock Jupiter<\/title>\n<meta name=\"robots\" content=\"index, follow, max-snippet:-1, max-image-preview:large, max-video-preview:-1\" \/>\n<link rel=\"canonical\" href=\"https:\/\/word-clock.ch\/home\/\" \/>\n<meta property=\"og:locale\" content=\"en_US\" \/>\n<meta property=\"og:type\" content=\"article\" \/>\n<meta property=\"og:title\" content=\"Home - WordClock Onlineshop\" \/>\n<meta property=\"og:url\" content=\"https:\/\/word-clock.ch\/home\/\" \/>\n<meta property=\"og:site_name\" content=\"WordClock Onlineshop\" \/>\n<meta property=\"article:modified_time\" content=\"2023-06-10T22:53:08+00:00\" \/>\n<meta property=\"og:image\" content=\"https:\/\/word-clock.ch\/wp-content\/uploads\/2022\/01\/fast-1.png\" \/>\n<meta name=\"twitter:card\" content=\"summary_large_image\" \/>\n<meta name=\"twitter:label1\" content=\"Est. reading time\" \/>\n\t<meta name=\"twitter:data1\" content=\"8 minutes\" \/>\n<script type=\"application\/ld+json\" class=\"yoast-schema-graph\">{\"@context\":\"https:\/\/schema.org\",\"@graph\":[{\"@type\":\"WebPage\",\"@id\":\"https:\/\/word-clock.ch\/home\/\",\"url\":\"https:\/\/word-clock.ch\/home\/\",\"name\":\"Die Wortuhr f\u00fcr Dich | WordClock Jupiter\",\"isPartOf\":{\"@id\":\"https:\/\/word-clock.ch\/#website\"},\"datePublished\":\"2020-06-12T16:06:50+00:00\",\"dateModified\":\"2023-06-10T22:53:08+00:00\",\"description\":\"Finde die besten und fortschrittlichsten Wortuhren im ganzen Internet. Hier in der Edelstahl Version\",\"breadcrumb\":{\"@id\":\"https:\/\/word-clock.ch\/home\/#breadcrumb\"},\"inLanguage\":\"en-US\",\"potentialAction\":[{\"@type\":\"ReadAction\",\"target\":[\"https:\/\/word-clock.ch\/home\/\"]}]},{\"@type\":\"BreadcrumbList\",\"@id\":\"https:\/\/word-clock.ch\/home\/#breadcrumb\",\"itemListElement\":[{\"@type\":\"ListItem\",\"position\":1,\"name\":\"Startseite\",\"item\":\"https:\/\/word-clock.ch\/\"},{\"@type\":\"ListItem\",\"position\":2,\"name\":\"Home\"}]},{\"@type\":\"WebSite\",\"@id\":\"https:\/\/word-clock.ch\/#website\",\"url\":\"https:\/\/word-clock.ch\/\",\"name\":\"WordClock Onlineshop\",\"description\":\"Das neueste Angebot findest du hier!\",\"potentialAction\":[{\"@type\":\"SearchAction\",\"target\":{\"@type\":\"EntryPoint\",\"urlTemplate\":\"https:\/\/word-clock.ch\/?s={search_term_string}\"},\"query-input\":\"required name=search_term_string\"}],\"inLanguage\":\"en-US\"}]}<\/script>\n<!-- \/ Yoast SEO plugin. -->","yoast_head_json":{"title":"Die Wortuhr f\u00fcr Dich | WordClock Jupiter","robots":{"index":"index","follow":"follow","max-snippet":"max-snippet:-1","max-image-preview":"max-image-preview:large","max-video-preview":"max-video-preview:-1"},"canonical":"https:\/\/word-clock.ch\/home\/","og_locale":"en_US","og_type":"article","og_title":"Home - WordClock Onlineshop","og_url":"https:\/\/word-clock.ch\/home\/","og_site_name":"WordClock Onlineshop","article_modified_time":"2023-06-10T22:53:08+00:00","og_image":[{"url":"https:\/\/word-clock.ch\/wp-content\/uploads\/2022\/01\/fast-1.png"}],"twitter_card":"summary_large_image","twitter_misc":{"Est. reading time":"8 minutes"},"schema":{"@context":"https:\/\/schema.org","@graph":[{"@type":"WebPage","@id":"https:\/\/word-clock.ch\/home\/","url":"https:\/\/word-clock.ch\/home\/","name":"Die Wortuhr f\u00fcr Dich | WordClock Jupiter","isPartOf":{"@id":"https:\/\/word-clock.ch\/#website"},"datePublished":"2020-06-12T16:06:50+00:00","dateModified":"2023-06-10T22:53:08+00:00","description":"Finde die besten und fortschrittlichsten Wortuhren im ganzen Internet. Hier in der Edelstahl Version","breadcrumb":{"@id":"https:\/\/word-clock.ch\/home\/#breadcrumb"},"inLanguage":"en-US","potentialAction":[{"@type":"ReadAction","target":["https:\/\/word-clock.ch\/home\/"]}]},{"@type":"BreadcrumbList","@id":"https:\/\/word-clock.ch\/home\/#breadcrumb","itemListElement":[{"@type":"ListItem","position":1,"name":"Startseite","item":"https:\/\/word-clock.ch\/"},{"@type":"ListItem","position":2,"name":"Home"}]},{"@type":"WebSite","@id":"https:\/\/word-clock.ch\/#website","url":"https:\/\/word-clock.ch\/","name":"WordClock Onlineshop","description":"Das neueste Angebot findest du hier!","potentialAction":[{"@type":"SearchAction","target":{"@type":"EntryPoint","urlTemplate":"https:\/\/word-clock.ch\/?s={search_term_string}"},"query-input":"required name=search_term_string"}],"inLanguage":"en-US"}]}},"_links":{"self":[{"href":"https:\/\/word-clock.ch\/en\/wp-json\/wp\/v2\/pages\/576","targetHints":{"allow":["GET"]}}],"collection":[{"href":"https:\/\/word-clock.ch\/en\/wp-json\/wp\/v2\/pages"}],"about":[{"href":"https:\/\/word-clock.ch\/en\/wp-json\/wp\/v2\/types\/page"}],"author":[{"embeddable":true,"href":"https:\/\/word-clock.ch\/en\/wp-json\/wp\/v2\/users\/3"}],"replies":[{"embeddable":true,"href":"https:\/\/word-clock.ch\/en\/wp-json\/wp\/v2\/comments?post=576"}],"version-history":[{"count":4,"href":"https:\/\/word-clock.ch\/en\/wp-json\/wp\/v2\/pages\/576\/revisions"}],"predecessor-version":[{"id":4383,"href":"https:\/\/word-clock.ch\/en\/wp-json\/wp\/v2\/pages\/576\/revisions\/4383"}],"wp:attachment":[{"href":"https:\/\/word-clock.ch\/en\/wp-json\/wp\/v2\/media?parent=576"}],"curies":[{"name":"wp","href":"https:\/\/api.w.org\/{rel}","templated":true}]}}