{"id":83,"date":"2022-01-05T10:28:06","date_gmt":"2022-01-05T10:28:06","guid":{"rendered":"https:\/\/word-clock.ch\/?page_id=83"},"modified":"2022-03-10T11:03:02","modified_gmt":"2022-03-10T11:03:02","slug":"reviews","status":"publish","type":"page","link":"https:\/\/word-clock.ch\/en\/reviews\/","title":{"rendered":"Bewertungen"},"content":{"rendered":"<style>\/*! elementor - v3.5.6 - 28-02-2022 *\/\n.elementor-heading-title{padding:0;margin:0;line-height:1}.elementor-widget-heading .elementor-heading-title[class*=elementor-size-]>a{color:inherit;font-size:inherit;line-height:inherit}.elementor-widget-heading .elementor-heading-title.elementor-size-small{font-size:15px}.elementor-widget-heading .elementor-heading-title.elementor-size-medium{font-size:19px}.elementor-widget-heading .elementor-heading-title.elementor-size-large{font-size:29px}.elementor-widget-heading .elementor-heading-title.elementor-size-xl{font-size:39px}.elementor-widget-heading .elementor-heading-title.elementor-size-xxl{font-size:59px}<\/style>\n<h2>Was unsere Kunden \u00fcber uns sagen<\/h2>\n<link rel=\"stylesheet\" href=\"https:\/\/word-clock.ch\/wp-content\/plugins\/elementor-pro\/assets\/css\/widget-carousel.min.css\">\n\t\t\t\t\t\tDie Schieferfront sich sehr sch\u00f6n aus. Ich mag die Fronten wo nur die beleuchteten Buchstaben zu sehen sind<br \/>\n\t\t\t\t\t<cite>heinzelmaennchen_werkstatt<\/cite><br \/>\n\t\t\t\t\t\t<img decoding=\"async\" src=\"https:\/\/word-clock.ch\/wp-content\/uploads\/2022\/01\/star.png\" alt=\"heinzelmaennchen_werkstatt\"><br \/>\n\t\t\t\t\t\tWir sind beeindruckt! Echt tolles Design!<br \/>\n\t\t\t\t\t<cite>Tischlerei Gr\u00fcbler<\/cite><br \/>\n\t\t\t\t\t\t<img decoding=\"async\" src=\"https:\/\/word-clock.ch\/wp-content\/uploads\/2022\/01\/star.png\" alt=\"Tischlerei Gr\u00fcbler\"><br \/>\n\t\t\t\t\t\tSchnell geliefert ,unbesch\u00e4digt da gut verpackt, einfach mit der App installiert und sieht top aus.<br \/>\nDie beschenkte Person hat sich total gefreut und der Neidfaktor ist unbezahlbar die noch keine haben.<br \/>\n\t\t\t\t\t<cite>lob und dank nicht f\u00fcr jedermann<\/cite><br \/>\n\t\t\t\t\t\t<img decoding=\"async\" src=\"https:\/\/word-clock.ch\/wp-content\/uploads\/2022\/01\/star.png\" alt=\"lob und dank nicht f\u00fcr jedermann\"><br \/>\n\t\t\t\t\t\tDie Uhr hat ohne wenn- und aber 5 Sterne verdient.<br \/>\nSie ist nicht ganz billig aber ihr Geld wert. Wer etwas Geld sparen will und l\u00f6ten kann, kann sich die Uhr beim Hersteller auch als Bausatz bestellen.<br \/>\n\t\t\t\t\t<cite>A.N. <\/cite><br \/>\n\t\t\t\t\t\t<img decoding=\"async\" src=\"https:\/\/word-clock.ch\/wp-content\/uploads\/2022\/01\/star.png\" alt=\"A.N. \"><br \/>\n\t\t\t\t\t\tEinfach sch\u00f6n &#8211; und Weihnachten wurden wir durch die Leuchtdeko zur vollen Stunde \u00fcberrascht. Der Preis ist nicht ohne, aber das wei\u00df man ja bereits beim bestellen.<br \/>\nWir sind sehr zufrieden<br \/>\n\t\t\t\t\t<cite>Sylvi<\/cite><br \/>\n\t\t\t\t\t\t<img decoding=\"async\" src=\"https:\/\/word-clock.ch\/wp-content\/uploads\/2022\/01\/star.png\" alt=\"Sylvi\"><br \/>\n\t\t\t\t\t\tTolle Uhr. Einfach in Betrieb zu nehmen. Bei R\u00fcckfragen grossartiger und kulanter Service..<br \/>\nIch bin restlos \u00fcberzeugt und total begeistert<br \/>\n\t\t\t\t\t<cite>Uda Eggen<\/cite><br \/>\n\t\t\t\t\t\t<img decoding=\"async\" src=\"https:\/\/word-clock.ch\/wp-content\/uploads\/2022\/01\/star.png\" alt=\"Uda Eggen\"><br \/>\n\t\t\t\t\t\tIch habe mich f\u00fcr die Edelstahlvariante entschieden. Fertig zusammengebaut kam die Uhr gut verpackt und sehr schnell bei mir an. Ein sch\u00f6nes Geschenk mit Aha-Effekt weil Wortuhren kaum jemand kennt.<br \/>\n\t\t\t\t\t<cite>Amazon Kunde<\/cite><br \/>\n\t\t\t\t\t\t<img decoding=\"async\" src=\"https:\/\/word-clock.ch\/wp-content\/uploads\/2022\/01\/star.png\" alt=\"Amazon Kunde\"><br \/>\n\t\t\t\t\t\tDas Produkt ist auf jeden Fall super.<br \/>\n\t\t\t\t\t<cite>Uwe G.<\/cite><br \/>\n\t\t\t\t\t\t<img decoding=\"async\" src=\"https:\/\/word-clock.ch\/wp-content\/uploads\/2022\/01\/star.png\" alt=\"Uwe G.\"><br \/>\n\t\t\t\t\t\tWir haben sie bei uns im Wohnzimmer h\u00e4ngen und erfreuen uns ihres Anblicks. Auch wenn Freunde vorbei kommen, ist sie ein richtiger Blickfang.Empfehlen kann ich sie allemal!<br \/>\n\t\t\t\t\t<cite>Kirstin Weber<\/cite><br \/>\n\t\t\t\t\t\t<img decoding=\"async\" src=\"https:\/\/word-clock.ch\/wp-content\/uploads\/2022\/01\/star.png\" alt=\"Kirstin Weber\"><br \/>\n\t\t\t\t\t\tDass man die Farben der LEDs selber einstellen kann ist total cool und auch recht einfach.<br \/>\nCooles Teil und sieht an der Wand echt toll aus!<br \/>\n\t\t\t\t\t<cite>Ruth von Stein<\/cite><br \/>\n\t\t\t\t\t\t<img decoding=\"async\" src=\"https:\/\/word-clock.ch\/wp-content\/uploads\/2022\/01\/star.png\" alt=\"Ruth von Stein\"><br \/>\n\t\t\t\t\t\tSehr angenehmer und entgegenkommender Kontakt bei der Abwicklung! Danke!<br \/>\n\t\t\t\t\t<cite>Ebay<\/cite><br \/>\n\t\t\t\t\t\t<img decoding=\"async\" src=\"https:\/\/word-clock.ch\/wp-content\/uploads\/2022\/01\/star.png\" alt=\"Ebay\"><br \/>\n\t\t\t\t\t\tSehr, sehr netter Kontakt. Super sch\u00f6ne Uhr! Vielen Dank daf\u00fcr! Perfekt!<br \/>\n\t\t\t\t\t<cite>Ebay<\/cite><br \/>\n\t\t\t\t\t\t<img decoding=\"async\" src=\"https:\/\/word-clock.ch\/wp-content\/uploads\/2022\/01\/star.png\" alt=\"Ebay\"><br \/>\n\t\t\t\t\t\tSchnelle Lieferung und eine Absolut tolle Uhr!!!<br \/>\n\t\t\t\t\t<cite>Ebay<\/cite><br \/>\n\t\t\t\t\t\t<img decoding=\"async\" src=\"https:\/\/word-clock.ch\/wp-content\/uploads\/2022\/01\/star.png\" alt=\"Ebay\"><br \/>\n\t\t\t\t\t\t\t\t\t\t\t\t\t\tPrevious<br \/>\n\t\t\t\t\t\t\t\t\t\t\t\t\t\tNext<\/p>\n","protected":false},"excerpt":{"rendered":"<p>Was unsere Kunden \u00fcber uns sagen Die Schieferfront sich sehr sch\u00f6n aus. Ich mag die Fronten wo nur die beleuchteten Buchstaben zu sehen sind heinzelmaennchen_werkstatt Wir sind beeindruckt! Echt tolles [&hellip;]<\/p>\n","protected":false},"author":3,"featured_media":0,"parent":0,"menu_order":0,"comment_status":"closed","ping_status":"closed","template":"","meta":{"footnotes":""},"class_list":["post-83","page","type-page","status-publish","hentry"],"translation":{"provider":"WPGlobus","version":"3.0.0","language":"en","enabled_languages":["de","en"],"languages":{"de":{"title":true,"content":true,"excerpt":false},"en":{"title":false,"content":false,"excerpt":false}}},"acf":[],"yoast_head":"<!-- This site is optimized with the Yoast SEO plugin v21.0 - https:\/\/yoast.com\/wordpress\/plugins\/seo\/ -->\n<title>Bewertungen - WordClock Onlineshop<\/title>\n<meta name=\"robots\" content=\"index, follow, max-snippet:-1, max-image-preview:large, max-video-preview:-1\" \/>\n<link rel=\"canonical\" href=\"https:\/\/word-clock.ch\/reviews\/\" \/>\n<meta property=\"og:locale\" content=\"en_US\" \/>\n<meta property=\"og:type\" content=\"article\" \/>\n<meta property=\"og:title\" content=\"Bewertungen - WordClock Onlineshop\" \/>\n<meta property=\"og:url\" content=\"https:\/\/word-clock.ch\/reviews\/\" \/>\n<meta property=\"og:site_name\" content=\"WordClock Onlineshop\" \/>\n<meta property=\"article:modified_time\" content=\"2022-03-10T11:03:02+00:00\" \/>\n<meta property=\"og:image\" content=\"https:\/\/word-clock.ch\/wp-content\/uploads\/2022\/01\/star.png\" \/>\n<meta name=\"twitter:card\" content=\"summary_large_image\" \/>\n<meta name=\"twitter:label1\" content=\"Est. reading time\" \/>\n\t<meta name=\"twitter:data1\" content=\"2 minutes\" \/>\n<script type=\"application\/ld+json\" class=\"yoast-schema-graph\">{\"@context\":\"https:\/\/schema.org\",\"@graph\":[{\"@type\":\"WebPage\",\"@id\":\"https:\/\/word-clock.ch\/reviews\/\",\"url\":\"https:\/\/word-clock.ch\/reviews\/\",\"name\":\"Bewertungen - WordClock Onlineshop\",\"isPartOf\":{\"@id\":\"https:\/\/word-clock.ch\/#website\"},\"datePublished\":\"2022-01-05T10:28:06+00:00\",\"dateModified\":\"2022-03-10T11:03:02+00:00\",\"breadcrumb\":{\"@id\":\"https:\/\/word-clock.ch\/reviews\/#breadcrumb\"},\"inLanguage\":\"en-US\",\"potentialAction\":[{\"@type\":\"ReadAction\",\"target\":[\"https:\/\/word-clock.ch\/reviews\/\"]}]},{\"@type\":\"BreadcrumbList\",\"@id\":\"https:\/\/word-clock.ch\/reviews\/#breadcrumb\",\"itemListElement\":[{\"@type\":\"ListItem\",\"position\":1,\"name\":\"Startseite\",\"item\":\"https:\/\/word-clock.ch\/\"},{\"@type\":\"ListItem\",\"position\":2,\"name\":\"Bewertungen\"}]},{\"@type\":\"WebSite\",\"@id\":\"https:\/\/word-clock.ch\/#website\",\"url\":\"https:\/\/word-clock.ch\/\",\"name\":\"WordClock Onlineshop\",\"description\":\"Das neueste Angebot findest du hier!\",\"potentialAction\":[{\"@type\":\"SearchAction\",\"target\":{\"@type\":\"EntryPoint\",\"urlTemplate\":\"https:\/\/word-clock.ch\/?s={search_term_string}\"},\"query-input\":\"required name=search_term_string\"}],\"inLanguage\":\"en-US\"}]}<\/script>\n<!-- \/ Yoast SEO plugin. -->","yoast_head_json":{"title":"Bewertungen - WordClock Onlineshop","robots":{"index":"index","follow":"follow","max-snippet":"max-snippet:-1","max-image-preview":"max-image-preview:large","max-video-preview":"max-video-preview:-1"},"canonical":"https:\/\/word-clock.ch\/reviews\/","og_locale":"en_US","og_type":"article","og_title":"Bewertungen - WordClock Onlineshop","og_url":"https:\/\/word-clock.ch\/reviews\/","og_site_name":"WordClock Onlineshop","article_modified_time":"2022-03-10T11:03:02+00:00","og_image":[{"url":"https:\/\/word-clock.ch\/wp-content\/uploads\/2022\/01\/star.png"}],"twitter_card":"summary_large_image","twitter_misc":{"Est. reading time":"2 minutes"},"schema":{"@context":"https:\/\/schema.org","@graph":[{"@type":"WebPage","@id":"https:\/\/word-clock.ch\/reviews\/","url":"https:\/\/word-clock.ch\/reviews\/","name":"Bewertungen - WordClock Onlineshop","isPartOf":{"@id":"https:\/\/word-clock.ch\/#website"},"datePublished":"2022-01-05T10:28:06+00:00","dateModified":"2022-03-10T11:03:02+00:00","breadcrumb":{"@id":"https:\/\/word-clock.ch\/reviews\/#breadcrumb"},"inLanguage":"en-US","potentialAction":[{"@type":"ReadAction","target":["https:\/\/word-clock.ch\/reviews\/"]}]},{"@type":"BreadcrumbList","@id":"https:\/\/word-clock.ch\/reviews\/#breadcrumb","itemListElement":[{"@type":"ListItem","position":1,"name":"Startseite","item":"https:\/\/word-clock.ch\/"},{"@type":"ListItem","position":2,"name":"Bewertungen"}]},{"@type":"WebSite","@id":"https:\/\/word-clock.ch\/#website","url":"https:\/\/word-clock.ch\/","name":"WordClock Onlineshop","description":"Das neueste Angebot findest du hier!","potentialAction":[{"@type":"SearchAction","target":{"@type":"EntryPoint","urlTemplate":"https:\/\/word-clock.ch\/?s={search_term_string}"},"query-input":"required name=search_term_string"}],"inLanguage":"en-US"}]}},"_links":{"self":[{"href":"https:\/\/word-clock.ch\/en\/wp-json\/wp\/v2\/pages\/83","targetHints":{"allow":["GET"]}}],"collection":[{"href":"https:\/\/word-clock.ch\/en\/wp-json\/wp\/v2\/pages"}],"about":[{"href":"https:\/\/word-clock.ch\/en\/wp-json\/wp\/v2\/types\/page"}],"author":[{"embeddable":true,"href":"https:\/\/word-clock.ch\/en\/wp-json\/wp\/v2\/users\/3"}],"replies":[{"embeddable":true,"href":"https:\/\/word-clock.ch\/en\/wp-json\/wp\/v2\/comments?post=83"}],"version-history":[{"count":6,"href":"https:\/\/word-clock.ch\/en\/wp-json\/wp\/v2\/pages\/83\/revisions"}],"predecessor-version":[{"id":2755,"href":"https:\/\/word-clock.ch\/en\/wp-json\/wp\/v2\/pages\/83\/revisions\/2755"}],"wp:attachment":[{"href":"https:\/\/word-clock.ch\/en\/wp-json\/wp\/v2\/media?parent=83"}],"curies":[{"name":"wp","href":"https:\/\/api.w.org\/{rel}","templated":true}]}}